{"id":21710,"date":"2023-05-23T16:28:36","date_gmt":"2023-05-23T16:28:36","guid":{"rendered":"https:\/\/academia.quasinfalivel.pt\/test\/?page_id=21710"},"modified":"2023-10-27T13:58:49","modified_gmt":"2023-10-27T13:58:49","slug":"perfil","status":"publish","type":"page","link":"https:\/\/academia.quasinfalivel.pt\/test\/perfil\/","title":{"rendered":"Perfil"},"content":{"rendered":"\n<div class=\"wp-block-uagb-container uagb-block-54a247fd alignwide uagb-is-root-container\">\n<div class=\"wp-block-uagb-container uagb-block-4610ebc4\"><\/div>\n\n\n\n<div class=\"wp-block-uagb-container uagb-block-89a8974d\"><\/div>\n\n\n\n<div class=\"wp-block-uagb-container uagb-block-dc7add74\"><\/div>\n<\/div>\n","protected":false},"excerpt":{"rendered":"","protected":false},"author":1,"featured_media":19092,"parent":0,"menu_order":0,"comment_status":"closed","ping_status":"closed","template":"","meta":{"_uag_custom_page_level_css":"","footnotes":""},"yoast_head":"<!-- This site is optimized with the Yoast SEO plugin v21.4 - https:\/\/yoast.com\/wordpress\/plugins\/seo\/ -->\n<title>Perfil - Quasinfal\u00edvel<\/title>\n<meta name=\"robots\" content=\"index, follow, max-snippet:-1, max-image-preview:large, max-video-preview:-1\" \/>\n<link rel=\"canonical\" href=\"https:\/\/academia.quasinfalivel.pt\/test\/perfil\/\" \/>\n<meta property=\"og:locale\" content=\"pt_PT\" \/>\n<meta property=\"og:type\" content=\"article\" \/>\n<meta property=\"og:title\" content=\"Perfil - Quasinfal\u00edvel\" \/>\n<meta property=\"og:url\" content=\"https:\/\/academia.quasinfalivel.pt\/test\/perfil\/\" \/>\n<meta property=\"og:site_name\" content=\"Quasinfal\u00edvel\" \/>\n<meta property=\"article:publisher\" content=\"https:\/\/www.facebook.com\/Quasinfalivel-Unipessoal-Lda-442428829209221\" \/>\n<meta property=\"article:modified_time\" content=\"2023-10-27T13:58:49+00:00\" \/>\n<meta property=\"og:image\" content=\"https:\/\/academia.quasinfalivel.pt\/test\/wp-content\/uploads\/2021\/01\/glenn-carstens-peters-npxXWgQ33ZQ-unsplash-scaled.jpg\" \/>\n\t<meta property=\"og:image:width\" content=\"2560\" \/>\n\t<meta property=\"og:image:height\" content=\"1703\" \/>\n\t<meta property=\"og:image:type\" content=\"image\/jpeg\" \/>\n<meta name=\"twitter:card\" content=\"summary_large_image\" \/>\n<script type=\"application\/ld+json\" class=\"yoast-schema-graph\">{\"@context\":\"https:\/\/schema.org\",\"@graph\":[{\"@type\":\"WebPage\",\"@id\":\"https:\/\/academia.quasinfalivel.pt\/test\/perfil\/\",\"url\":\"https:\/\/academia.quasinfalivel.pt\/test\/perfil\/\",\"name\":\"Perfil - Quasinfal\u00edvel\",\"isPartOf\":{\"@id\":\"https:\/\/academia.quasinfalivel.pt\/test\/#website\"},\"datePublished\":\"2023-05-23T16:28:36+00:00\",\"dateModified\":\"2023-10-27T13:58:49+00:00\",\"breadcrumb\":{\"@id\":\"https:\/\/academia.quasinfalivel.pt\/test\/perfil\/#breadcrumb\"},\"inLanguage\":\"pt-PT\",\"potentialAction\":[{\"@type\":\"ReadAction\",\"target\":[\"https:\/\/academia.quasinfalivel.pt\/test\/perfil\/\"]}]},{\"@type\":\"BreadcrumbList\",\"@id\":\"https:\/\/academia.quasinfalivel.pt\/test\/perfil\/#breadcrumb\",\"itemListElement\":[{\"@type\":\"ListItem\",\"position\":1,\"name\":\"In\u00edcio\",\"item\":\"https:\/\/academia.quasinfalivel.pt\/test\/\"},{\"@type\":\"ListItem\",\"position\":2,\"name\":\"Perfil\"}]},{\"@type\":\"WebSite\",\"@id\":\"https:\/\/academia.quasinfalivel.pt\/test\/#website\",\"url\":\"https:\/\/academia.quasinfalivel.pt\/test\/\",\"name\":\"Quasinfal\u00edvel\",\"description\":\"Empresa de consultoria, auditoria, e forma\u00e7\u00e3o em \u00e1reas como CMMI, Agile, BPM, ISO 9001 e ISO 27001.\",\"publisher\":{\"@id\":\"https:\/\/academia.quasinfalivel.pt\/test\/#organization\"},\"potentialAction\":[{\"@type\":\"SearchAction\",\"target\":{\"@type\":\"EntryPoint\",\"urlTemplate\":\"https:\/\/academia.quasinfalivel.pt\/test\/?s={search_term_string}\"},\"query-input\":\"required name=search_term_string\"}],\"inLanguage\":\"pt-PT\"},{\"@type\":\"Organization\",\"@id\":\"https:\/\/academia.quasinfalivel.pt\/test\/#organization\",\"name\":\"Quasinfal\u00edvel\",\"url\":\"https:\/\/academia.quasinfalivel.pt\/test\/\",\"logo\":{\"@type\":\"ImageObject\",\"inLanguage\":\"pt-PT\",\"@id\":\"https:\/\/academia.quasinfalivel.pt\/test\/#\/schema\/logo\/image\/\",\"url\":\"https:\/\/academia.quasinfalivel.pt\/test\/wp-content\/uploads\/2020\/10\/logo-quasinfalivel-600x450-1.png\",\"contentUrl\":\"https:\/\/academia.quasinfalivel.pt\/test\/wp-content\/uploads\/2020\/10\/logo-quasinfalivel-600x450-1.png\",\"width\":600,\"height\":451,\"caption\":\"Quasinfal\u00edvel\"},\"image\":{\"@id\":\"https:\/\/academia.quasinfalivel.pt\/test\/#\/schema\/logo\/image\/\"},\"sameAs\":[\"https:\/\/www.facebook.com\/Quasinfalivel-Unipessoal-Lda-442428829209221\",\"https:\/\/www.linkedin.com\/company\/quasinfal\u00edvel-unipessoal-lda\"]}]}<\/script>\n<!-- \/ Yoast SEO plugin. -->","yoast_head_json":{"title":"Perfil - Quasinfal\u00edvel","robots":{"index":"index","follow":"follow","max-snippet":"max-snippet:-1","max-image-preview":"max-image-preview:large","max-video-preview":"max-video-preview:-1"},"canonical":"https:\/\/academia.quasinfalivel.pt\/test\/perfil\/","og_locale":"pt_PT","og_type":"article","og_title":"Perfil - Quasinfal\u00edvel","og_url":"https:\/\/academia.quasinfalivel.pt\/test\/perfil\/","og_site_name":"Quasinfal\u00edvel","article_publisher":"https:\/\/www.facebook.com\/Quasinfalivel-Unipessoal-Lda-442428829209221","article_modified_time":"2023-10-27T13:58:49+00:00","og_image":[{"width":2560,"height":1703,"url":"https:\/\/academia.quasinfalivel.pt\/test\/wp-content\/uploads\/2021\/01\/glenn-carstens-peters-npxXWgQ33ZQ-unsplash-scaled.jpg","type":"image\/jpeg"}],"twitter_card":"summary_large_image","schema":{"@context":"https:\/\/schema.org","@graph":[{"@type":"WebPage","@id":"https:\/\/academia.quasinfalivel.pt\/test\/perfil\/","url":"https:\/\/academia.quasinfalivel.pt\/test\/perfil\/","name":"Perfil - Quasinfal\u00edvel","isPartOf":{"@id":"https:\/\/academia.quasinfalivel.pt\/test\/#website"},"datePublished":"2023-05-23T16:28:36+00:00","dateModified":"2023-10-27T13:58:49+00:00","breadcrumb":{"@id":"https:\/\/academia.quasinfalivel.pt\/test\/perfil\/#breadcrumb"},"inLanguage":"pt-PT","potentialAction":[{"@type":"ReadAction","target":["https:\/\/academia.quasinfalivel.pt\/test\/perfil\/"]}]},{"@type":"BreadcrumbList","@id":"https:\/\/academia.quasinfalivel.pt\/test\/perfil\/#breadcrumb","itemListElement":[{"@type":"ListItem","position":1,"name":"In\u00edcio","item":"https:\/\/academia.quasinfalivel.pt\/test\/"},{"@type":"ListItem","position":2,"name":"Perfil"}]},{"@type":"WebSite","@id":"https:\/\/academia.quasinfalivel.pt\/test\/#website","url":"https:\/\/academia.quasinfalivel.pt\/test\/","name":"Quasinfal\u00edvel","description":"Empresa de consultoria, auditoria, e forma\u00e7\u00e3o em \u00e1reas como CMMI, Agile, BPM, ISO 9001 e ISO 27001.","publisher":{"@id":"https:\/\/academia.quasinfalivel.pt\/test\/#organization"},"potentialAction":[{"@type":"SearchAction","target":{"@type":"EntryPoint","urlTemplate":"https:\/\/academia.quasinfalivel.pt\/test\/?s={search_term_string}"},"query-input":"required name=search_term_string"}],"inLanguage":"pt-PT"},{"@type":"Organization","@id":"https:\/\/academia.quasinfalivel.pt\/test\/#organization","name":"Quasinfal\u00edvel","url":"https:\/\/academia.quasinfalivel.pt\/test\/","logo":{"@type":"ImageObject","inLanguage":"pt-PT","@id":"https:\/\/academia.quasinfalivel.pt\/test\/#\/schema\/logo\/image\/","url":"https:\/\/academia.quasinfalivel.pt\/test\/wp-content\/uploads\/2020\/10\/logo-quasinfalivel-600x450-1.png","contentUrl":"https:\/\/academia.quasinfalivel.pt\/test\/wp-content\/uploads\/2020\/10\/logo-quasinfalivel-600x450-1.png","width":600,"height":451,"caption":"Quasinfal\u00edvel"},"image":{"@id":"https:\/\/academia.quasinfalivel.pt\/test\/#\/schema\/logo\/image\/"},"sameAs":["https:\/\/www.facebook.com\/Quasinfalivel-Unipessoal-Lda-442428829209221","https:\/\/www.linkedin.com\/company\/quasinfal\u00edvel-unipessoal-lda"]}]}},"uagb_featured_image_src":{"full":["https:\/\/academia.quasinfalivel.pt\/test\/wp-content\/uploads\/2021\/01\/glenn-carstens-peters-npxXWgQ33ZQ-unsplash-scaled.jpg",2560,1703,false],"thumbnail":["https:\/\/academia.quasinfalivel.pt\/test\/wp-content\/uploads\/2021\/01\/glenn-carstens-peters-npxXWgQ33ZQ-unsplash-150x150.jpg",150,150,true],"medium":["https:\/\/academia.quasinfalivel.pt\/test\/wp-content\/uploads\/2021\/01\/glenn-carstens-peters-npxXWgQ33ZQ-unsplash-300x200.jpg",300,200,true],"medium_large":["https:\/\/academia.quasinfalivel.pt\/test\/wp-content\/uploads\/2021\/01\/glenn-carstens-peters-npxXWgQ33ZQ-unsplash-768x511.jpg",768,511,true],"large":["https:\/\/academia.quasinfalivel.pt\/test\/wp-content\/uploads\/2021\/01\/glenn-carstens-peters-npxXWgQ33ZQ-unsplash-1024x681.jpg",1024,681,true],"1536x1536":["https:\/\/academia.quasinfalivel.pt\/test\/wp-content\/uploads\/2021\/01\/glenn-carstens-peters-npxXWgQ33ZQ-unsplash-1536x1022.jpg",1536,1022,true],"2048x2048":["https:\/\/academia.quasinfalivel.pt\/test\/wp-content\/uploads\/2021\/01\/glenn-carstens-peters-npxXWgQ33ZQ-unsplash-2048x1363.jpg",2048,1363,true]},"uagb_author_info":{"display_name":"Admin-Quasinfalivel","author_link":"https:\/\/academia.quasinfalivel.pt\/test\/author\/admin-quasinfalivel\/"},"uagb_comment_info":0,"uagb_excerpt":null,"_links":{"self":[{"href":"https:\/\/academia.quasinfalivel.pt\/test\/wp-json\/wp\/v2\/pages\/21710"}],"collection":[{"href":"https:\/\/academia.quasinfalivel.pt\/test\/wp-json\/wp\/v2\/pages"}],"about":[{"href":"https:\/\/academia.quasinfalivel.pt\/test\/wp-json\/wp\/v2\/types\/page"}],"author":[{"embeddable":true,"href":"https:\/\/academia.quasinfalivel.pt\/test\/wp-json\/wp\/v2\/users\/1"}],"replies":[{"embeddable":true,"href":"https:\/\/academia.quasinfalivel.pt\/test\/wp-json\/wp\/v2\/comments?post=21710"}],"version-history":[{"count":17,"href":"https:\/\/academia.quasinfalivel.pt\/test\/wp-json\/wp\/v2\/pages\/21710\/revisions"}],"predecessor-version":[{"id":22564,"href":"https:\/\/academia.quasinfalivel.pt\/test\/wp-json\/wp\/v2\/pages\/21710\/revisions\/22564"}],"wp:featuredmedia":[{"embeddable":true,"href":"https:\/\/academia.quasinfalivel.pt\/test\/wp-json\/wp\/v2\/media\/19092"}],"wp:attachment":[{"href":"https:\/\/academia.quasinfalivel.pt\/test\/wp-json\/wp\/v2\/media?parent=21710"}],"curies":[{"name":"wp","href":"https:\/\/api.w.org\/{rel}","templated":true}]}}